{"id":3,"date":"2023-02-13T19:06:19","date_gmt":"2023-02-13T19:06:19","guid":{"rendered":"https:\/\/manuelaaresnovias.com\/?page_id=3"},"modified":"2023-09-19T23:20:44","modified_gmt":"2023-09-19T23:20:44","slug":"politica-privacidad","status":"publish","type":"page","link":"https:\/\/manuelaaresnovias.com\/?page_id=3","title":{"rendered":"Pol\u00edtica de privacidad"},"content":{"rendered":"\n<p>INFORMACI\u00d3N B\u00c1SICA SOBRE PROTECCI\u00d3N DE DATOS<\/p>\n\n\n\n<ul class=\"wp-block-list\">\n<li><strong>Sitio Web<\/strong><br><a href=\"https:\/\/old.manuelaaresnovias.com\/\">www.manuelaaresnovias.com<\/a><\/li>\n\n\n\n<li><strong>Responsable tratamiento datos<\/strong>\n<ul class=\"wp-block-list\">\n<li>Identidad: MANUELA ARES D\u00cdAZ (en adelante \u201cManuela Ares Novias\u201d)<\/li>\n\n\n\n<li>CIF\/NIF: 76571817X<\/li>\n\n\n\n<li>Direcci\u00f3n postal: C\/ Pl\u00e1cido Pe\u00f1a, 31 Bajo \u2013 27800 Villalba (Lugo)<\/li>\n\n\n\n<li>Tel\u00e9fono: 982 512 145<\/li>\n\n\n\n<li>E-mail:&nbsp;<a href=\"mailto:manuelaaresnovias@gmail.com\">manuelaaresnovias@gmail.com<\/a><\/li>\n<\/ul>\n<\/li>\n\n\n\n<li><strong>Finalidad<\/strong><br>Gesti\u00f3n, estudio y resoluci\u00f3n de consultas efectuadas a trav\u00e9s de la web<\/li>\n\n\n\n<li><strong>Legitimaci\u00f3n<\/strong><br>Consentimiento otorgado por el usuario<\/li>\n\n\n\n<li><strong>Edad legal consentimiento<\/strong><br>El Usuario certifica que es mayor de 14 a\u00f1os y que por lo tanto posee la capacidad legal necesaria para la prestaci\u00f3n del consentimiento en cuanto al tratamiento de sus datos de car\u00e1cter personal y todo ello, de conformidad con lo establecido en la presente Pol\u00edtica de Privacidad.<\/li>\n\n\n\n<li><strong>Destinatarios<\/strong><br>Se comunicar\u00e1n datos a terceros para poder llevar a cabo las finalidades descritas en la presente pol\u00edtica de privacidad. En ning\u00fan caso se ceder\u00e1n datos a terceros para finalidades diferentes a las descritas en este documento.<\/li>\n\n\n\n<li><strong>Derechos<\/strong><br>Acceder, rectificar y suprimir los datos, as\u00ed como otros derechos, como se explica en la informaci\u00f3n adicional.<\/li>\n\n\n\n<li><strong>Informaci\u00f3n adicional<\/strong><br>Puede consultar la informaci\u00f3n adicional y detallada sobre Protecci\u00f3n de Datos a continuaci\u00f3n:<\/li>\n<\/ul>\n\n\n\n<p>INFORMACI\u00d3N ADICIONAL SOBRE PROTECCI\u00d3N DE DATOS<\/p>\n\n\n\n<p><strong>\u2013 \u00bfCon qu\u00e9 finalidad trataremos sus datos de car\u00e1cter personal y durante cu\u00e1nto tiempo los conservaremos?<\/strong><br>La empresa tratar\u00e1 sus datos de car\u00e1cter personal exclusivamente para fines determinados, expl\u00edcitos y leg\u00edtimos, y no ser\u00e1n tratados de manera incompatible con dichos fines.<\/p>\n\n\n\n<ul class=\"wp-block-list\">\n<li><strong>Finalidades<\/strong><br>Finalidad 1: para todos los usuarios<\/li>\n<\/ul>\n\n\n\n<p>Gesti\u00f3n, estudio y resoluci\u00f3n de consultas efectuadas a trav\u00e9s de la web.<br>La empresa conservar\u00e1 sus datos de car\u00e1cter personal el tiempo necesario seg\u00fan la informaci\u00f3n facilitada y los plazos de conservaci\u00f3n recogidos en normativas que sean aplicables.<\/p>\n\n\n\n<p><strong>\u2013 \u00bfCu\u00e1l es la legitimaci\u00f3n para el tratamiento de sus datos?<\/strong><br>La base legal para el tratamiento de sus datos es el consentimiento que nos otorga al marcar la casilla en la que acepta nuestra pol\u00edtica de privacidad.<\/p>\n\n\n\n<p><strong>\u2013 \u00bfA qu\u00e9 destinatarios se comunicar\u00e1n sus datos?<\/strong><br>No se comunicaran datos a ning\u00fan tercero.<\/p>\n\n\n\n<p><strong>\u2013 \u00bfCu\u00e1les son sus derechos cuando nos facilita sus datos?<\/strong><br>Cualquier persona tiene derecho a obtener confirmaci\u00f3n sobre si en la empresa estamos tratando datos personales que les conciernan, o no. En concreto, puede usted dirigirse a la empresa a su direcci\u00f3n postal o bien a la direcci\u00f3n de email facilitada en el presente documento con la finalidad de ejercer los siguientes derechos:<\/p>\n\n\n\n<ul class=\"wp-block-list\">\n<li>Derecho a solicitar el acceso a los datos personales relativos al interesado.<\/li>\n\n\n\n<li>Derecho a solicitar su rectificaci\u00f3n o supresi\u00f3n.<\/li>\n\n\n\n<li>Derecho a solicitar la limitaci\u00f3n de su tratamiento.<\/li>\n\n\n\n<li>Derecho a oponerse al tratamiento.<\/li>\n\n\n\n<li>Derecho a la portabilidad de los datos.<\/li>\n<\/ul>\n\n\n\n<p>Puede usted solicitar los formularios necesarios para el ejercicio de estos derechos enviando un correo electr\u00f3nico a la direcci\u00f3n de email facilitada en el presente documento. Dado el car\u00e1cter personal\u00edsimo del ejercicio de cualquiera de estos derechos usted deber\u00e1 adjuntar a la solicitud copia de su carnet de identidad o documento acreditativo equivalente. Puede usted dirigirse a la Agencia Espa\u00f1ola de protecci\u00f3n de Datos para obtener informaci\u00f3n adicional acerca de sus derechos o presentar una reclamaci\u00f3n ante la misma, especialmente cuando no haya obtenido satisfacci\u00f3n en el ejercicio de sus derechos, obteniendo toda la informaci\u00f3n necesaria para ello a trav\u00e9s de la web&nbsp;<a href=\"http:\/\/www.agpd.es\/\">www.agpd.es<\/a><\/p>\n\n\n\n<p><strong>Contactos Redes Sociales<\/strong><\/p>\n\n\n\n<p><strong>\u2013 \u00bfQu\u00e9 datos utilizamos de las redes sociales?<\/strong><\/p>\n\n\n\n<ul class=\"wp-block-list\">\n<li>Contestar a tus consultas, solicitudes o peticiones.<\/li>\n\n\n\n<li>Gestionar el servicio solicitado, contestar tu solicitud, o tramitar tu petici\u00f3n.<\/li>\n\n\n\n<li>Relacionarnos contigo y crear una comunidad de seguidores.<\/li>\n<\/ul>\n\n\n\n<p>La aceptaci\u00f3n de una relaci\u00f3n contractual en el entorno de la red social que corresponda, y conforme a sus pol\u00edticas de Privacidad:<\/p>\n\n\n\n<p>Facebook<br><a href=\"http:\/\/www.facebook.com\/policy.php?ref=pf\">http:\/\/www.facebook.com\/policy.php?ref=pf<\/a><\/p>\n\n\n\n<p><strong>\u2013 \u00bfDurante cu\u00e1nto tiempo vamos a mantener los datos personales?<\/strong><br>S\u00f3lo podemos consultar o dar de baja tus datos de forma restringida al tener un perfil espec\u00edfico. Los trataremos tanto tiempo como t\u00fa nos dejes sigui\u00e9ndonos, siendo amigos o d\u00e1ndole a \u201cme gusta\u201d, \u201cseguir\u201d o botones similares. Cualquier rectificaci\u00f3n de tus datos o restricci\u00f3n de informaci\u00f3n o de publicaciones debes realizarla a trav\u00e9s de la configuraci\u00f3n de tu perfil o usuario en la propia red social.<\/p>\n","protected":false},"excerpt":{"rendered":"<p>INFORMACI\u00d3N B\u00c1SICA SOBRE PROTECCI\u00d3N DE DATOS INFORMACI\u00d3N ADICIONAL SOBRE PROTECCI\u00d3N DE DATOS \u2013 \u00bfCon qu\u00e9 finalidad trataremos sus datos de car\u00e1cter personal y durante cu\u00e1nto tiempo los conservaremos?La empresa tratar\u00e1 sus datos de car\u00e1cter personal exclusivamente para fines determinados, expl\u00edcitos y leg\u00edtimos, y no ser\u00e1n tratados de manera incompatible con dichos fines. Gesti\u00f3n, estudio y [&hellip;]<\/p>\n","protected":false},"author":1,"featured_media":0,"parent":0,"menu_order":0,"comment_status":"closed","ping_status":"closed","template":"","meta":{"footnotes":""},"class_list":["post-3","page","type-page","status-publish","hentry"],"yoast_head":"<!-- This site is optimized with the Yoast SEO plugin v27.1.1 - https:\/\/yoast.com\/product\/yoast-seo-wordpress\/ -->\n<title>Pol\u00edtica de privacidad - Manuela Ares Novias<\/title>\n<meta name=\"robots\" content=\"index, follow, max-snippet:-1, max-image-preview:large, max-video-preview:-1\" \/>\n<link rel=\"canonical\" href=\"https:\/\/manuelaaresnovias.com\/?page_id=3\" \/>\n<meta property=\"og:locale\" content=\"es_ES\" \/>\n<meta property=\"og:type\" content=\"article\" \/>\n<meta property=\"og:title\" content=\"Pol\u00edtica de privacidad - Manuela Ares Novias\" \/>\n<meta property=\"og:description\" content=\"INFORMACI\u00d3N B\u00c1SICA SOBRE PROTECCI\u00d3N DE DATOS INFORMACI\u00d3N ADICIONAL SOBRE PROTECCI\u00d3N DE DATOS \u2013 \u00bfCon qu\u00e9 finalidad trataremos sus datos de car\u00e1cter personal y durante cu\u00e1nto tiempo los conservaremos?La empresa tratar\u00e1 sus datos de car\u00e1cter personal exclusivamente para fines determinados, expl\u00edcitos y leg\u00edtimos, y no ser\u00e1n tratados de manera incompatible con dichos fines. Gesti\u00f3n, estudio y [&hellip;]\" \/>\n<meta property=\"og:url\" content=\"https:\/\/manuelaaresnovias.com\/?page_id=3\" \/>\n<meta property=\"og:site_name\" content=\"Manuela Ares Novias\" \/>\n<meta property=\"article:publisher\" content=\"https:\/\/www.facebook.com\/profile.php?id=100063573311079\" \/>\n<meta property=\"article:modified_time\" content=\"2023-09-19T23:20:44+00:00\" \/>\n<meta property=\"og:image\" content=\"https:\/\/manuelaaresnovias.com\/wp-content\/uploads\/manuela-ares-novia-2024.jpg\" \/>\n\t<meta property=\"og:image:width\" content=\"1200\" \/>\n\t<meta property=\"og:image:height\" content=\"675\" \/>\n\t<meta property=\"og:image:type\" content=\"image\/jpeg\" \/>\n<meta name=\"twitter:card\" content=\"summary_large_image\" \/>\n<meta name=\"twitter:label1\" content=\"Tiempo de lectura\" \/>\n\t<meta name=\"twitter:data1\" content=\"4 minutos\" \/>\n<script type=\"application\/ld+json\" class=\"yoast-schema-graph\">{\"@context\":\"https:\/\/schema.org\",\"@graph\":[{\"@type\":\"WebPage\",\"@id\":\"https:\/\/manuelaaresnovias.com\/?page_id=3\",\"url\":\"https:\/\/manuelaaresnovias.com\/?page_id=3\",\"name\":\"Pol\u00edtica de privacidad - Manuela Ares Novias\",\"isPartOf\":{\"@id\":\"https:\/\/manuelaaresnovias.com\/#website\"},\"datePublished\":\"2023-02-13T19:06:19+00:00\",\"dateModified\":\"2023-09-19T23:20:44+00:00\",\"breadcrumb\":{\"@id\":\"https:\/\/manuelaaresnovias.com\/?page_id=3#breadcrumb\"},\"inLanguage\":\"es\",\"potentialAction\":[{\"@type\":\"ReadAction\",\"target\":[\"https:\/\/manuelaaresnovias.com\/?page_id=3\"]}]},{\"@type\":\"BreadcrumbList\",\"@id\":\"https:\/\/manuelaaresnovias.com\/?page_id=3#breadcrumb\",\"itemListElement\":[{\"@type\":\"ListItem\",\"position\":1,\"name\":\"Portada\",\"item\":\"https:\/\/manuelaaresnovias.com\/\"},{\"@type\":\"ListItem\",\"position\":2,\"name\":\"Pol\u00edtica de privacidad\"}]},{\"@type\":\"WebSite\",\"@id\":\"https:\/\/manuelaaresnovias.com\/#website\",\"url\":\"https:\/\/manuelaaresnovias.com\/\",\"name\":\"Manuela Ares Novias\",\"description\":\"Vestidos de novias, comuni\u00f3n y ceremonia en Lugo\",\"publisher\":{\"@id\":\"https:\/\/manuelaaresnovias.com\/#organization\"},\"potentialAction\":[{\"@type\":\"SearchAction\",\"target\":{\"@type\":\"EntryPoint\",\"urlTemplate\":\"https:\/\/manuelaaresnovias.com\/?s={search_term_string}\"},\"query-input\":{\"@type\":\"PropertyValueSpecification\",\"valueRequired\":true,\"valueName\":\"search_term_string\"}}],\"inLanguage\":\"es\"},{\"@type\":\"Organization\",\"@id\":\"https:\/\/manuelaaresnovias.com\/#organization\",\"name\":\"Manuela Ares Novias\",\"url\":\"https:\/\/manuelaaresnovias.com\/\",\"logo\":{\"@type\":\"ImageObject\",\"inLanguage\":\"es\",\"@id\":\"https:\/\/manuelaaresnovias.com\/#\/schema\/logo\/image\/\",\"url\":\"https:\/\/manuelaaresnovias.com\/wp-content\/uploads\/logo-manuela-ares.png\",\"contentUrl\":\"https:\/\/manuelaaresnovias.com\/wp-content\/uploads\/logo-manuela-ares.png\",\"width\":213,\"height\":50,\"caption\":\"Manuela Ares Novias\"},\"image\":{\"@id\":\"https:\/\/manuelaaresnovias.com\/#\/schema\/logo\/image\/\"},\"sameAs\":[\"https:\/\/www.facebook.com\/profile.php?id=100063573311079\",\"https:\/\/www.instagram.com\/manuelaaresnovias\/\",\"https:\/\/maps.app.goo.gl\/AUbGLmkxvfZ2wTM76\"]}]}<\/script>\n<!-- \/ Yoast SEO plugin. -->","yoast_head_json":{"title":"Pol\u00edtica de privacidad - Manuela Ares Novias","robots":{"index":"index","follow":"follow","max-snippet":"max-snippet:-1","max-image-preview":"max-image-preview:large","max-video-preview":"max-video-preview:-1"},"canonical":"https:\/\/manuelaaresnovias.com\/?page_id=3","og_locale":"es_ES","og_type":"article","og_title":"Pol\u00edtica de privacidad - Manuela Ares Novias","og_description":"INFORMACI\u00d3N B\u00c1SICA SOBRE PROTECCI\u00d3N DE DATOS INFORMACI\u00d3N ADICIONAL SOBRE PROTECCI\u00d3N DE DATOS \u2013 \u00bfCon qu\u00e9 finalidad trataremos sus datos de car\u00e1cter personal y durante cu\u00e1nto tiempo los conservaremos?La empresa tratar\u00e1 sus datos de car\u00e1cter personal exclusivamente para fines determinados, expl\u00edcitos y leg\u00edtimos, y no ser\u00e1n tratados de manera incompatible con dichos fines. Gesti\u00f3n, estudio y [&hellip;]","og_url":"https:\/\/manuelaaresnovias.com\/?page_id=3","og_site_name":"Manuela Ares Novias","article_publisher":"https:\/\/www.facebook.com\/profile.php?id=100063573311079","article_modified_time":"2023-09-19T23:20:44+00:00","og_image":[{"width":1200,"height":675,"url":"https:\/\/manuelaaresnovias.com\/wp-content\/uploads\/manuela-ares-novia-2024.jpg","type":"image\/jpeg"}],"twitter_card":"summary_large_image","twitter_misc":{"Tiempo de lectura":"4 minutos"},"schema":{"@context":"https:\/\/schema.org","@graph":[{"@type":"WebPage","@id":"https:\/\/manuelaaresnovias.com\/?page_id=3","url":"https:\/\/manuelaaresnovias.com\/?page_id=3","name":"Pol\u00edtica de privacidad - Manuela Ares Novias","isPartOf":{"@id":"https:\/\/manuelaaresnovias.com\/#website"},"datePublished":"2023-02-13T19:06:19+00:00","dateModified":"2023-09-19T23:20:44+00:00","breadcrumb":{"@id":"https:\/\/manuelaaresnovias.com\/?page_id=3#breadcrumb"},"inLanguage":"es","potentialAction":[{"@type":"ReadAction","target":["https:\/\/manuelaaresnovias.com\/?page_id=3"]}]},{"@type":"BreadcrumbList","@id":"https:\/\/manuelaaresnovias.com\/?page_id=3#breadcrumb","itemListElement":[{"@type":"ListItem","position":1,"name":"Portada","item":"https:\/\/manuelaaresnovias.com\/"},{"@type":"ListItem","position":2,"name":"Pol\u00edtica de privacidad"}]},{"@type":"WebSite","@id":"https:\/\/manuelaaresnovias.com\/#website","url":"https:\/\/manuelaaresnovias.com\/","name":"Manuela Ares Novias","description":"Vestidos de novias, comuni\u00f3n y ceremonia en Lugo","publisher":{"@id":"https:\/\/manuelaaresnovias.com\/#organization"},"potentialAction":[{"@type":"SearchAction","target":{"@type":"EntryPoint","urlTemplate":"https:\/\/manuelaaresnovias.com\/?s={search_term_string}"},"query-input":{"@type":"PropertyValueSpecification","valueRequired":true,"valueName":"search_term_string"}}],"inLanguage":"es"},{"@type":"Organization","@id":"https:\/\/manuelaaresnovias.com\/#organization","name":"Manuela Ares Novias","url":"https:\/\/manuelaaresnovias.com\/","logo":{"@type":"ImageObject","inLanguage":"es","@id":"https:\/\/manuelaaresnovias.com\/#\/schema\/logo\/image\/","url":"https:\/\/manuelaaresnovias.com\/wp-content\/uploads\/logo-manuela-ares.png","contentUrl":"https:\/\/manuelaaresnovias.com\/wp-content\/uploads\/logo-manuela-ares.png","width":213,"height":50,"caption":"Manuela Ares Novias"},"image":{"@id":"https:\/\/manuelaaresnovias.com\/#\/schema\/logo\/image\/"},"sameAs":["https:\/\/www.facebook.com\/profile.php?id=100063573311079","https:\/\/www.instagram.com\/manuelaaresnovias\/","https:\/\/maps.app.goo.gl\/AUbGLmkxvfZ2wTM76"]}]}},"_links":{"self":[{"href":"https:\/\/manuelaaresnovias.com\/index.php?rest_route=\/wp\/v2\/pages\/3","targetHints":{"allow":["GET"]}}],"collection":[{"href":"https:\/\/manuelaaresnovias.com\/index.php?rest_route=\/wp\/v2\/pages"}],"about":[{"href":"https:\/\/manuelaaresnovias.com\/index.php?rest_route=\/wp\/v2\/types\/page"}],"author":[{"embeddable":true,"href":"https:\/\/manuelaaresnovias.com\/index.php?rest_route=\/wp\/v2\/users\/1"}],"replies":[{"embeddable":true,"href":"https:\/\/manuelaaresnovias.com\/index.php?rest_route=%2Fwp%2Fv2%2Fcomments&post=3"}],"version-history":[{"count":2,"href":"https:\/\/manuelaaresnovias.com\/index.php?rest_route=\/wp\/v2\/pages\/3\/revisions"}],"predecessor-version":[{"id":2462,"href":"https:\/\/manuelaaresnovias.com\/index.php?rest_route=\/wp\/v2\/pages\/3\/revisions\/2462"}],"wp:attachment":[{"href":"https:\/\/manuelaaresnovias.com\/index.php?rest_route=%2Fwp%2Fv2%2Fmedia&parent=3"}],"curies":[{"name":"wp","href":"https:\/\/api.w.org\/{rel}","templated":true}]}}